{"id":2479,"date":"2023-08-27T15:55:41","date_gmt":"2023-08-27T18:55:41","guid":{"rendered":"https:\/\/www.landamigurumis.com.br\/wordpress\/?post_type=product&#038;p=2479"},"modified":"2025-12-03T12:28:15","modified_gmt":"2025-12-03T15:28:15","slug":"mamas-didaticas-2","status":"publish","type":"product","link":"https:\/\/www.landamigurumis.com.br\/wordpress\/produto\/mamas-didaticas-2\/","title":{"rendered":"Mamas Did\u00e1ticas &#8211; kit amamenta\u00e7\u00e3o"},"content":{"rendered":"","protected":false},"excerpt":{"rendered":"<p>Auxiliam os profissionais nas orienta\u00e7\u00f5es sobre amamenta\u00e7\u00e3o para gestantes e lactantes.<\/p>\n<p>Super male\u00e1vel<\/p>\n<p>Com 3 tipos diferentes de mamilos : protuso, plano e invertido.<br \/>\nMama com alv\u00e9olos did\u00e1ticos<\/p>\n<p>Tamanho de cada mama: 15&#215;10 cm\u2029Tamanho do suporte aproximadamente : 100 cm (50 cm para cada lado )<\/p>\n","protected":false},"featured_media":2482,"template":"","meta":{"advanced_seo_description":"","jetpack_seo_html_title":"","jetpack_seo_noindex":false},"product_brand":[],"product_cat":[212],"product_tag":[],"class_list":{"0":"post-2479","1":"product","2":"type-product","3":"status-publish","4":"has-post-thumbnail","6":"product_cat-outros","8":"first","9":"onbackorder","10":"shipping-taxable","11":"purchasable","12":"product-type-variable"},"jetpack_sharing_enabled":true,"_links":{"self":[{"href":"https:\/\/www.landamigurumis.com.br\/wordpress\/wp-json\/wp\/v2\/product\/2479","targetHints":{"allow":["GET"]}}],"collection":[{"href":"https:\/\/www.landamigurumis.com.br\/wordpress\/wp-json\/wp\/v2\/product"}],"about":[{"href":"https:\/\/www.landamigurumis.com.br\/wordpress\/wp-json\/wp\/v2\/types\/product"}],"wp:featuredmedia":[{"embeddable":true,"href":"https:\/\/www.landamigurumis.com.br\/wordpress\/wp-json\/wp\/v2\/media\/2482"}],"wp:attachment":[{"href":"https:\/\/www.landamigurumis.com.br\/wordpress\/wp-json\/wp\/v2\/media?parent=2479"}],"wp:term":[{"taxonomy":"product_brand","embeddable":true,"href":"https:\/\/www.landamigurumis.com.br\/wordpress\/wp-json\/wp\/v2\/product_brand?post=2479"},{"taxonomy":"product_cat","embeddable":true,"href":"https:\/\/www.landamigurumis.com.br\/wordpress\/wp-json\/wp\/v2\/product_cat?post=2479"},{"taxonomy":"product_tag","embeddable":true,"href":"https:\/\/www.landamigurumis.com.br\/wordpress\/wp-json\/wp\/v2\/product_tag?post=2479"}],"curies":[{"name":"wp","href":"https:\/\/api.w.org\/{rel}","templated":true}]}}