{"id":2697,"date":"2024-02-16T10:57:15","date_gmt":"2024-02-16T13:57:15","guid":{"rendered":"https:\/\/www.landamigurumis.com.br\/wordpress\/produto\/kit-mesversario\/"},"modified":"2025-08-27T04:42:46","modified_gmt":"2025-08-27T07:42:46","slug":"kit-mesversario","status":"publish","type":"product","link":"https:\/\/www.landamigurumis.com.br\/wordpress\/produto\/kit-mesversario\/","title":{"rendered":"Kit M\u00easvers\u00e1rio"},"content":{"rendered":"","protected":false},"excerpt":{"rendered":"<p>N\u00fameros aproximadamente: 14 x 09 cm<\/p>\n<p>Acrescente nomes e desenhos tamb\u00e9m<\/p>\n","protected":false},"featured_media":2705,"template":"","meta":{"advanced_seo_description":"","jetpack_seo_html_title":"","jetpack_seo_noindex":false},"product_brand":[],"product_cat":[74,93],"product_tag":[],"class_list":{"0":"post-2697","1":"product","2":"type-product","3":"status-publish","4":"has-post-thumbnail","6":"product_cat-para-bebes","7":"product_cat-pronta-entrega","9":"first","10":"instock","11":"shipping-taxable","12":"purchasable","13":"product-type-simple"},"jetpack_sharing_enabled":true,"_links":{"self":[{"href":"https:\/\/www.landamigurumis.com.br\/wordpress\/wp-json\/wp\/v2\/product\/2697","targetHints":{"allow":["GET"]}}],"collection":[{"href":"https:\/\/www.landamigurumis.com.br\/wordpress\/wp-json\/wp\/v2\/product"}],"about":[{"href":"https:\/\/www.landamigurumis.com.br\/wordpress\/wp-json\/wp\/v2\/types\/product"}],"wp:featuredmedia":[{"embeddable":true,"href":"https:\/\/www.landamigurumis.com.br\/wordpress\/wp-json\/wp\/v2\/media\/2705"}],"wp:attachment":[{"href":"https:\/\/www.landamigurumis.com.br\/wordpress\/wp-json\/wp\/v2\/media?parent=2697"}],"wp:term":[{"taxonomy":"product_brand","embeddable":true,"href":"https:\/\/www.landamigurumis.com.br\/wordpress\/wp-json\/wp\/v2\/product_brand?post=2697"},{"taxonomy":"product_cat","embeddable":true,"href":"https:\/\/www.landamigurumis.com.br\/wordpress\/wp-json\/wp\/v2\/product_cat?post=2697"},{"taxonomy":"product_tag","embeddable":true,"href":"https:\/\/www.landamigurumis.com.br\/wordpress\/wp-json\/wp\/v2\/product_tag?post=2697"}],"curies":[{"name":"wp","href":"https:\/\/api.w.org\/{rel}","templated":true}]}}