{"id":3306,"date":"2025-12-09T16:39:58","date_gmt":"2025-12-09T19:39:58","guid":{"rendered":"https:\/\/www.landamigurumis.com.br\/wordpress\/produto\/kit-didatico-amamentacao\/"},"modified":"2026-01-02T14:01:50","modified_gmt":"2026-01-02T17:01:50","slug":"kit-didatico-amamentacao","status":"publish","type":"product","link":"https:\/\/www.landamigurumis.com.br\/wordpress\/produto\/kit-didatico-amamentacao\/","title":{"rendered":"Kit did\u00e1tico Amamenta\u00e7\u00e3o"},"content":{"rendered":"<p>O Kit comp\u00f5e : Suporte para mamas \/ Mama com mamilo protuso \/ Mama com mamilo invertido \/ Mama com mamilo plano \/ Mama com alv\u00e9olos\/ Argola com capacidade g\u00e1strica \/ Beb\u00ea com boquinha<\/p>\n","protected":false},"excerpt":{"rendered":"<p>O Kit comp\u00f5e : Suporte para mamas \/ Mama com mamilo protuso \/ Mama com mamilo invertido \/ Mama com mamilo plano \/ Mama com alv\u00e9olos\/ Argola com capacidade g\u00e1strica \/ Beb\u00ea com boquinha<\/p>\n","protected":false},"featured_media":3313,"template":"","meta":{"advanced_seo_description":"","jetpack_seo_html_title":"","jetpack_seo_noindex":false},"product_brand":[],"product_cat":[134,212],"product_tag":[],"class_list":{"0":"post-3306","1":"product","2":"type-product","3":"status-publish","4":"has-post-thumbnail","6":"product_cat-acessorios","7":"product_cat-outros","9":"first","10":"onbackorder","11":"shipping-taxable","12":"purchasable","13":"product-type-simple"},"jetpack_sharing_enabled":true,"_links":{"self":[{"href":"https:\/\/www.landamigurumis.com.br\/wordpress\/wp-json\/wp\/v2\/product\/3306","targetHints":{"allow":["GET"]}}],"collection":[{"href":"https:\/\/www.landamigurumis.com.br\/wordpress\/wp-json\/wp\/v2\/product"}],"about":[{"href":"https:\/\/www.landamigurumis.com.br\/wordpress\/wp-json\/wp\/v2\/types\/product"}],"wp:featuredmedia":[{"embeddable":true,"href":"https:\/\/www.landamigurumis.com.br\/wordpress\/wp-json\/wp\/v2\/media\/3313"}],"wp:attachment":[{"href":"https:\/\/www.landamigurumis.com.br\/wordpress\/wp-json\/wp\/v2\/media?parent=3306"}],"wp:term":[{"taxonomy":"product_brand","embeddable":true,"href":"https:\/\/www.landamigurumis.com.br\/wordpress\/wp-json\/wp\/v2\/product_brand?post=3306"},{"taxonomy":"product_cat","embeddable":true,"href":"https:\/\/www.landamigurumis.com.br\/wordpress\/wp-json\/wp\/v2\/product_cat?post=3306"},{"taxonomy":"product_tag","embeddable":true,"href":"https:\/\/www.landamigurumis.com.br\/wordpress\/wp-json\/wp\/v2\/product_tag?post=3306"}],"curies":[{"name":"wp","href":"https:\/\/api.w.org\/{rel}","templated":true}]}}